{"id":15191,"date":"2025-08-29T10:03:08","date_gmt":"2025-08-29T09:03:08","guid":{"rendered":"https:\/\/araminteriors.com\/?page_id=15191"},"modified":"2025-08-29T10:29:44","modified_gmt":"2025-08-29T09:29:44","slug":"pagina-no-trobada","status":"publish","type":"page","link":"https:\/\/araminteriors.com\/ca\/pagina-no-trobada\/","title":{"rendered":"P\u00e0gina no trobada"},"content":{"rendered":"<div id=\"pl-15191\"  class=\"panel-layout\" ><div id=\"pg-15191-0\"  class=\"panel-grid panel-no-style\" ><div id=\"pgc-15191-0-0\"  class=\"panel-grid-cell\" ><div id=\"panel-15191-0-0-0\" class=\"so-panel widget widget_black-studio-tinymce widget_black_studio_tinymce panel-first-child panel-last-child\" data-index=\"0\" ><h3 class=\"widget-title\">Upps!! Sembla que aquesta p\u00e0gina ja no existeix<\/h3><div class=\"textwidget\"><p style=\"font-size: 18px;\"><strong>Aix\u00f2 pot ser degut a diversos motius, si buscaves un producte en concret, potser ja no treballem amb aquest prove\u00efdor, igualment et convidem a visitar el nostre lloc web des del men\u00fa superior si \u00e9s que desitges fer una reforma al teu habitatge..<\/strong><\/p>\n<p style=\"font-size: 18px;\"><strong>Moltes gr\u00e0cies per visitar-nos!<\/strong><\/p>\n<\/div><\/div><\/div><\/div><\/div>","protected":false},"excerpt":{"rendered":"<p>Aix\u00f2 pot ser degut a diversos motius, si buscaves un producte en concret, potser ja &#8230; <\/p>\n<p class=\"read-more-container\"><a title=\"P\u00e0gina no trobada\" class=\"read-more button\" href=\"https:\/\/araminteriors.com\/ca\/pagina-no-trobada\/#more-15191\" aria-label=\"M\u00e9s informaci\u00f3 sobre P\u00e0gina no trobada\">Leer m\u00e1s<\/a><\/p>\n","protected":false},"author":3,"featured_media":0,"parent":0,"menu_order":0,"comment_status":"closed","ping_status":"closed","template":"","meta":{"generate_page_header":"","footnotes":""},"class_list":["post-15191","page","type-page","status-publish"],"aioseo_notices":[],"_links":{"self":[{"href":"https:\/\/araminteriors.com\/ca\/wp-json\/wp\/v2\/pages\/15191","targetHints":{"allow":["GET"]}}],"collection":[{"href":"https:\/\/araminteriors.com\/ca\/wp-json\/wp\/v2\/pages"}],"about":[{"href":"https:\/\/araminteriors.com\/ca\/wp-json\/wp\/v2\/types\/page"}],"author":[{"embeddable":true,"href":"https:\/\/araminteriors.com\/ca\/wp-json\/wp\/v2\/users\/3"}],"replies":[{"embeddable":true,"href":"https:\/\/araminteriors.com\/ca\/wp-json\/wp\/v2\/comments?post=15191"}],"version-history":[{"count":8,"href":"https:\/\/araminteriors.com\/ca\/wp-json\/wp\/v2\/pages\/15191\/revisions"}],"predecessor-version":[{"id":15203,"href":"https:\/\/araminteriors.com\/ca\/wp-json\/wp\/v2\/pages\/15191\/revisions\/15203"}],"wp:attachment":[{"href":"https:\/\/araminteriors.com\/ca\/wp-json\/wp\/v2\/media?parent=15191"}],"curies":[{"name":"wp","href":"https:\/\/api.w.org\/{rel}","templated":true}]}}