{"id":6452,"date":"2018-03-26T19:55:17","date_gmt":"2018-03-26T18:55:17","guid":{"rendered":"http:\/\/araminteriors.com\/?page_id=6452"},"modified":"2021-02-06T13:48:40","modified_gmt":"2021-02-06T12:48:40","slug":"cuines","status":"publish","type":"page","link":"https:\/\/araminteriors.com\/ca\/cuines\/","title":{"rendered":"Reformes de Cuines"},"content":{"rendered":"<div id=\"pl-6452\"  class=\"panel-layout\" ><div id=\"pg-6452-0\"  class=\"panel-grid panel-no-style\" ><div id=\"pgc-6452-0-0\"  class=\"panel-grid-cell\" ><div id=\"panel-6452-0-0-0\" class=\"so-panel widget widget_sow-editor panel-first-child panel-last-child\" data-index=\"0\" ><div\n\t\t\t\n\t\t\tclass=\"so-widget-sow-editor so-widget-sow-editor-base\"\n\t\t\t\n\t\t>\n<div class=\"siteorigin-widget-tinymce textwidget\">\n\t<p style=\"text-align: justify;\">A Aram Interiors realitzem projectes de reforma de cuines a Barcelona, cuines de qualitat i disseny a preus competitius, dissenyades pensant en les necessitats dels nostres clients, aportant solucions en cada detall, amb un equip propi d\u2019interioristes que l\u2019assessorar\u00e0 en tot moment. Ens encarreguem de la totalitat del projecte des de el primer moment fins a l\u2019acabament dels treballs, per que el nostre client no s\u2019hagi de preocupar de res.\u00a0<\/p>\n<h2>Projectes de reforma de cuina a mida<\/h2>\n<p style=\"text-align: justify;\">Els hi\u00a0 \u00a0oferim tot tipus de propostes per a la seva reforma, ajustades al seu pressupost, <strong>sempre amb la m\u00e0xima qualitat en materials i serveis<\/strong>. Permeti\u2019ns que l\u2019assessorem, tenim solucions per a qualsevol projecte, totalment personalitzades.<\/p>\n<p>&nbsp;<\/p>\n<h3>La reforma integral<\/h3>\n<p style=\"text-align: justify;\">Realitzem la <strong>reforma integral de la seva cuina a Barcelona<\/strong>, disposem d\u2019un equip complert, de manera que ens encarreguem de tot, el nostre client nom\u00e9s ha de preocupar-se de l\u2019elecci\u00f3 dels tipus de materials, sempre amb l\u2019assessorament dels nostres interioristes.<\/p>\n<p style=\"text-align: justify;\">A la reforma d\u2019una cuina intervenen diversos industrials, que han d\u2019estar perfectament coordinats, paletes, lampistes, muntadors de mobles, fusters, pintors..., tots ells han de treballar amb equip, per que les feines segueixen el curs necessari i els resultats siguin \u00f2ptims i de qualitat. A Aram interiors disposem d\u2019un equip qualificat que compleix perfectament aquests principis.<\/p>\n<p>Si desitja realitzar una reforma d\u2019una vivenda, pot veure m\u00e9s informaci\u00f3 a trav\u00e9s d'aquest <a href=\"https:\/\/araminteriors.com\/ca\/reformes-integrals-barcelona\/\">enlla\u00e7<\/a>.<\/p>\n<\/div>\n<\/div><\/div><\/div><\/div><div id=\"pg-6452-1\"  class=\"panel-grid panel-no-style\" ><div id=\"pgc-6452-1-0\"  class=\"panel-grid-cell\" ><div id=\"panel-6452-1-0-0\" class=\"so-panel widget widget_sow-editor panel-first-child panel-last-child\" data-index=\"1\" ><div\n\t\t\t\n\t\t\tclass=\"so-widget-sow-editor so-widget-sow-editor-base\"\n\t\t\t\n\t\t>\n<div class=\"siteorigin-widget-tinymce textwidget\">\n\t<h3>Mobiliari<\/h3>\n<p style=\"text-align: justify;\">Treballem amb la marca de mobles OB, l\u00edder a la seva categoria, un producte amb garantia de 5 anys i un disseny innovador que ens permet estar a l\u2019avantguarda al mercat actual.<\/p>\n<p style=\"text-align: justify;\">Disposem d\u2019un ampli cat\u00e0leg de mobles de cuina tant moderns com cl\u00e0ssics que ens permeten adaptar-nos a tots els estils.<\/p>\n<p style=\"text-align: justify;\">Tenim una gran varietat de models de portes, amb tirador, amb sistema gola, amb ungler... Cadascun amb el seu estil. Li aconsellarem quin es el que m\u00e9s s\u2019adapta a les seves necessitats.<\/p>\n<p style=\"text-align: left;\"><a href=\"https:\/\/araminteriors.com\/ca\/cuines\/mobles-de-cuina\/\">Anar a Mobles de cuina -<\/a><\/p>\n<\/div>\n<\/div><\/div><\/div><div id=\"pgc-6452-1-1\"  class=\"panel-grid-cell\" ><div id=\"panel-6452-1-1-0\" class=\"so-panel widget widget_sow-image panel-first-child panel-last-child\" data-index=\"2\" ><div class=\"panel-widget-style panel-widget-style-for-6452-1-1-0\" ><div\n\t\t\t\n\t\t\tclass=\"so-widget-sow-image so-widget-sow-image-default-8b5b6f678277-6452\"\n\t\t\t\n\t\t>\n<div class=\"sow-image-container\">\n\t\t<img \n\tsrc=\"https:\/\/araminteriors.com\/wp-content\/uploads\/2014\/02\/Muebles-de-cocina-portada-e1430573409542.jpg\" width=\"960\" height=\"571\" srcset=\"https:\/\/araminteriors.com\/wp-content\/uploads\/2014\/02\/Muebles-de-cocina-portada-e1430573409542.jpg 960w, https:\/\/araminteriors.com\/wp-content\/uploads\/2014\/02\/Muebles-de-cocina-portada-e1430573409542-500x297.jpg 500w\" sizes=\"(max-width: 960px) 100vw, 960px\" title=\"Mobles de cuina\" alt=\"Mobles de cuina\" \t\tclass=\"so-widget-image\"\/>\n\t<\/div>\n\n<\/div><\/div><\/div><\/div><\/div><div id=\"pg-6452-2\"  class=\"panel-grid panel-no-style\" ><div id=\"pgc-6452-2-0\"  class=\"panel-grid-cell\" ><div id=\"panel-6452-2-0-0\" class=\"so-panel widget widget_sow-image panel-first-child panel-last-child\" data-index=\"3\" ><div\n\t\t\t\n\t\t\tclass=\"so-widget-sow-image so-widget-sow-image-default-8b5b6f678277-6452\"\n\t\t\t\n\t\t>\n<div class=\"sow-image-container\">\n\t\t<img \n\tsrc=\"https:\/\/araminteriors.com\/wp-content\/uploads\/2014\/02\/Hornos-Neff-FullSteam-copia-e1415962176841.jpg\" width=\"750\" height=\"703\" sizes=\"(max-width: 750px) 100vw, 750px\" title=\"Electrodom\u00e8stics\" alt=\"Electrodom\u00e8stics\" \t\tclass=\"so-widget-image\"\/>\n\t<\/div>\n\n<\/div><\/div><\/div><div id=\"pgc-6452-2-1\"  class=\"panel-grid-cell\" ><div id=\"panel-6452-2-1-0\" class=\"so-panel widget widget_sow-editor panel-first-child panel-last-child\" data-index=\"4\" ><div\n\t\t\t\n\t\t\tclass=\"so-widget-sow-editor so-widget-sow-editor-base\"\n\t\t\t\n\t\t>\n<div class=\"siteorigin-widget-tinymce textwidget\">\n\t<h3>Electrodom\u00e8stics<\/h3>\n<p style=\"text-align: justify;\">Li podem oferir pr\u00e0cticament qualsevol de les marques del mercat, tot i que generalment treballem amb marques com <strong>Neff, Siemens, Bosch, Guttman, Smeg, Blanco i Liebherr<\/strong>, tant per la seva qualitat i disseny com per el seu servei postvenda.<\/p>\n<p style=\"text-align: justify;\">Escollir de la manera m\u00e9s adient un electrodom\u00e8stic,\u00a0 te molta import\u00e0ncia, doncs, tenir un forn amb diferents funcions, com la neteja piro l\u00edtica, decidir-se per una placa de gas o d\u2019inducci\u00f3, o una bona campana d\u2019extracci\u00f3 de fums, \u00a0li donar\u00e0 el servei que vost\u00e8 realment necessita.<\/p>\n<p>&nbsp;<\/p>\n<p style=\"text-align: left;\"><a href=\"https:\/\/araminteriors.com\/ca\/cuines\/electrodomestics\/\">Anar a Electrodom\u00e8stics -<\/a><\/p>\n<\/div>\n<\/div><\/div><\/div><\/div><div id=\"pg-6452-3\"  class=\"panel-grid panel-no-style\" ><div id=\"pgc-6452-3-0\"  class=\"panel-grid-cell\" ><div id=\"panel-6452-3-0-0\" class=\"so-panel widget widget_sow-editor panel-first-child panel-last-child\" data-index=\"5\" ><div\n\t\t\t\n\t\t\tclass=\"so-widget-sow-editor so-widget-sow-editor-base\"\n\t\t\t\n\t\t>\n<div class=\"siteorigin-widget-tinymce textwidget\">\n\t<h3>Damunters<\/h3>\n<p style=\"text-align: justify;\">Els materials m\u00e9s comuns per als damunters, van des de les pedres naturals com granets i marbres, fins als\u00a0 materials com quars naturals (Silestone), mescles de mat\u00e8ries primeres (Dekton), porcel\u00e0nic (Neolith), sint\u00e8tics (Corian) i el cl\u00e0ssic de les cuines professionals, l\u2019acer inoxidable.<\/p>\n<p style=\"text-align: justify;\">Cadascun d\u2019aquest materials te unes caracter\u00edstiques t\u00e8cniques diferents, des de els diferents nivells de resist\u00e8ncia a l\u2019escalfor, a les ratlles, a les taques d\u2019aliments, o la incid\u00e8ncia del sol... i tamb\u00e9 est\u00e8tiques com el gruix (de 12mm en endavant), el tacte (llis o rug\u00f3s), colors, tons i disseny. Tamb\u00e9 s\u2019ha de tenir en compte la seva adaptabilitat segons format (mides) i la capacitat pr\u00f2pia del material com la seva duresa i flexi\u00f3.<\/p>\n<p style=\"text-align: left;\"><a href=\"https:\/\/araminteriors.com\/ca\/cuines\/damunters-per-a-cuina\/\">Anar a damunters -<\/a><\/p>\n<\/div>\n<\/div><\/div><\/div><div id=\"pgc-6452-3-1\"  class=\"panel-grid-cell\" ><div id=\"panel-6452-3-1-0\" class=\"so-panel widget widget_sow-image panel-first-child panel-last-child\" data-index=\"6\" ><div\n\t\t\t\n\t\t\tclass=\"so-widget-sow-image so-widget-sow-image-default-8b5b6f678277-6452\"\n\t\t\t\n\t\t>\n<div class=\"sow-image-container\">\n\t\t<img \n\tsrc=\"https:\/\/araminteriors.com\/wp-content\/uploads\/2014\/02\/silestone-cocina-blanco-zeus-extreme.jpg\" width=\"922\" height=\"547\" srcset=\"https:\/\/araminteriors.com\/wp-content\/uploads\/2014\/02\/silestone-cocina-blanco-zeus-extreme.jpg 922w, https:\/\/araminteriors.com\/wp-content\/uploads\/2014\/02\/silestone-cocina-blanco-zeus-extreme-600x355.jpg 600w\" sizes=\"(max-width: 922px) 100vw, 922px\" title=\"Damunters\" alt=\"Damunters\" \t\tclass=\"so-widget-image\"\/>\n\t<\/div>\n\n<\/div><\/div><\/div><\/div><div id=\"pg-6452-4\"  class=\"panel-grid panel-no-style\" ><div id=\"pgc-6452-4-0\"  class=\"panel-grid-cell\" ><div id=\"panel-6452-4-0-0\" class=\"so-panel widget widget_sow-editor panel-first-child\" data-index=\"7\" ><div\n\t\t\t\n\t\t\tclass=\"so-widget-sow-editor so-widget-sow-editor-base\"\n\t\t\t\n\t\t>\n<div class=\"siteorigin-widget-tinymce textwidget\">\n\t<h4 style=\"text-align: left;\">Blog de projectes realitzats<\/h4>\n<p style=\"text-align: justify;\">\u00bfHeu vist la nostra galeria de projectes? Visiteu la nostra <a href=\"https:\/\/araminteriors.com\/ca\/category\/reformes-a-barcelona\/\">secci\u00f3 de reformes a Barcelona<\/a>, on trobareu treballs realitzats per el nostre equip.<\/p>\n<\/div>\n<\/div><\/div><div id=\"panel-6452-4-0-1\" class=\"so-panel widget widget_sow-post-carousel\" data-index=\"8\" ><div\n\t\t\t\n\t\t\tclass=\"so-widget-sow-post-carousel so-widget-sow-post-carousel-base-ad93eedad001-6452\"\n\t\t\t\n\t\t>\t<div\n\t\tclass=\"sow-post-carousel-wrapper sow-post-carousel-theme-base\"\n\t\tstyle=\"overflow: hidden; max-width: 100%; min-height: 182px\"\n\t>\n\t\t<div class=\"sow-carousel-title\">\n\t\t\t<div class=\"sow-carousel-navigation \">\n\t\t\t\t\t\t<a href=\"#\" class=\"sow-carousel-next\" title=\"Next\" aria-label=\"Next Posts\" role=\"button\"><\/a>\n\t\t\t\t\t\t<a href=\"#\" class=\"sow-carousel-previous\" title=\"Previous\" aria-label=\"Previous Posts\" role=\"button\"><\/a>\n\t\t\t\t\t<\/div>\n\t<\/div>\n\n<div class=\"sow-carousel-container \">\n\t\t<div class=\"sow-carousel-wrapper\"\n\t\tdata-dir=\"ltr\"\n\t\tstyle=\"opacity: 0;\"\n\t\tdata-widget=\"post\" data-fetching=\"false\" data-page=\"1\" data-ajax-url=\"https:\/\/araminteriors.com\/wp-admin\/admin-ajax.php?_widgets_nonce=debdcdfa21\" data-item_count=\"5\" data-carousel_settings=\"{&quot;loop&quot;:true,&quot;animation&quot;:&quot;Ease&quot;,&quot;animation_speed&quot;:400,&quot;autoplay&quot;:&quot;&quot;,&quot;pauseOnHover&quot;:&quot;&quot;,&quot;autoplaySpeed&quot;:8000,&quot;item_overflow&quot;:true,&quot;autoplay_continuous_scroll&quot;:false}\" data-responsive=\"{&quot;desktop_slides_to_scroll&quot;:1,&quot;tablet_landscape_breakpoint&quot;:1366,&quot;tablet_landscape_slides_to_scroll&quot;:2,&quot;tablet_portrait_breakpoint&quot;:1025,&quot;tablet_portrait_slides_to_scroll&quot;:2,&quot;mobile_breakpoint&quot;:480,&quot;mobile_slides_to_scroll&quot;:1}\" data-variable_width=\"true\" \t>\n\t\t<div\n\t\t\tclass=\"sow-carousel-items\"\n\t\t\t\t\t>\n\t\t\t\t<div class=\"sow-carousel-item\" tabindex=\"-1\" style=\"float: left;\">\n\t\t<div class=\"sow-carousel-thumbnail\">\n\t\t\t\t\t\t\t<a\n\t\t\t\t\thref=\"https:\/\/araminteriors.com\/ca\/reforma-cuina-oberta-eixample-barcelona\/\"\n\t\t\t\t\t\t\t\t\t\tstyle=\"background-image: url( https:\/\/araminteriors.com\/wp-content\/uploads\/2018\/01\/Vista-general-cocina-abierta-Eixample-272x182.jpg )\"\n\t\t\t\t\taria-labelledby=\"sow-carousel-id-6708\"\n\t\t\t\t\ttabindex=\"-1\"\n\t\t\t\t>\n\t\t\t\t\t<span class=\"overlay\"><\/span>\n\t\t\t\t<\/a>\n\t\t\t\t\t<\/div>\n\t\t<h3 class=\"sow-carousel-item-title\">\n\t\t\t<a\n\t\t\t\thref=\"https:\/\/araminteriors.com\/ca\/reforma-cuina-oberta-eixample-barcelona\/\"\n\t\t\t\tid=\"sow-carousel-id-6708\"\n\t\t\t\t\t\t\t\ttabindex=\"-1\"\n\t\t\t>\n\n\t\t\t\tReforma cuina oberta a l&#8217; Eixample, Barcelona\t\t\t<\/a>\n\t\t<\/h3>\n\t<\/div>\n\t\t<div class=\"sow-carousel-item\" tabindex=\"-1\" style=\"float: left;\">\n\t\t<div class=\"sow-carousel-thumbnail\">\n\t\t\t\t\t\t\t<a\n\t\t\t\t\thref=\"https:\/\/araminteriors.com\/ca\/reforma-cuina-oberta-gracia-barcelona\/\"\n\t\t\t\t\t\t\t\t\t\tstyle=\"background-image: url( https:\/\/araminteriors.com\/wp-content\/uploads\/2017\/12\/Reforma-cocina-abierta-Gracia-Imagen-Principal--272x182.jpg )\"\n\t\t\t\t\taria-labelledby=\"sow-carousel-id-6719\"\n\t\t\t\t\ttabindex=\"-1\"\n\t\t\t\t>\n\t\t\t\t\t<span class=\"overlay\"><\/span>\n\t\t\t\t<\/a>\n\t\t\t\t\t<\/div>\n\t\t<h3 class=\"sow-carousel-item-title\">\n\t\t\t<a\n\t\t\t\thref=\"https:\/\/araminteriors.com\/ca\/reforma-cuina-oberta-gracia-barcelona\/\"\n\t\t\t\tid=\"sow-carousel-id-6719\"\n\t\t\t\t\t\t\t\ttabindex=\"-1\"\n\t\t\t>\n\n\t\t\t\tReforma de cuina oberta a Gr\u00e0cia, Barcelona\t\t\t<\/a>\n\t\t<\/h3>\n\t<\/div>\n\t\t<div class=\"sow-carousel-item\" tabindex=\"-1\" style=\"float: left;\">\n\t\t<div class=\"sow-carousel-thumbnail\">\n\t\t\t\t\t\t\t<a\n\t\t\t\t\thref=\"https:\/\/araminteriors.com\/ca\/reforma-cuina-gracia-barcelona\/\"\n\t\t\t\t\t\t\t\t\t\tstyle=\"background-image: url( https:\/\/araminteriors.com\/wp-content\/uploads\/2017\/05\/Vista-principal-cocina-en-Gracia-272x182.jpg )\"\n\t\t\t\t\taria-labelledby=\"sow-carousel-id-6832\"\n\t\t\t\t\ttabindex=\"-1\"\n\t\t\t\t>\n\t\t\t\t\t<span class=\"overlay\"><\/span>\n\t\t\t\t<\/a>\n\t\t\t\t\t<\/div>\n\t\t<h3 class=\"sow-carousel-item-title\">\n\t\t\t<a\n\t\t\t\thref=\"https:\/\/araminteriors.com\/ca\/reforma-cuina-gracia-barcelona\/\"\n\t\t\t\tid=\"sow-carousel-id-6832\"\n\t\t\t\t\t\t\t\ttabindex=\"-1\"\n\t\t\t>\n\n\t\t\t\tReforma de cuina a Gracia, Barcelona\t\t\t<\/a>\n\t\t<\/h3>\n\t<\/div>\n\t\t<div class=\"sow-carousel-item\" tabindex=\"-1\" style=\"float: left;\">\n\t\t<div class=\"sow-carousel-thumbnail\">\n\t\t\t\t\t\t\t<a\n\t\t\t\t\thref=\"https:\/\/araminteriors.com\/ca\/reforma-cuina-sant-just-desvern\/\"\n\t\t\t\t\t\t\t\t\t\tstyle=\"background-image: url( https:\/\/araminteriors.com\/wp-content\/uploads\/2017\/03\/Reforma-cocina-Sant-Just-Barcelona-272x182.jpg )\"\n\t\t\t\t\taria-labelledby=\"sow-carousel-id-6839\"\n\t\t\t\t\ttabindex=\"-1\"\n\t\t\t\t>\n\t\t\t\t\t<span class=\"overlay\"><\/span>\n\t\t\t\t<\/a>\n\t\t\t\t\t<\/div>\n\t\t<h3 class=\"sow-carousel-item-title\">\n\t\t\t<a\n\t\t\t\thref=\"https:\/\/araminteriors.com\/ca\/reforma-cuina-sant-just-desvern\/\"\n\t\t\t\tid=\"sow-carousel-id-6839\"\n\t\t\t\t\t\t\t\ttabindex=\"-1\"\n\t\t\t>\n\n\t\t\t\tReforma cuina a Sant Just Desvern\t\t\t<\/a>\n\t\t<\/h3>\n\t<\/div>\n\t\t<div class=\"sow-carousel-item\" tabindex=\"-1\" style=\"float: left;\">\n\t\t<div class=\"sow-carousel-thumbnail\">\n\t\t\t\t\t\t\t<a\n\t\t\t\t\thref=\"https:\/\/araminteriors.com\/ca\/reforma-cuina-atic-barcelona\/\"\n\t\t\t\t\t\t\t\t\t\tstyle=\"background-image: url( https:\/\/araminteriors.com\/wp-content\/uploads\/2014\/03\/Reforma-cocina-atico-272x182.jpg )\"\n\t\t\t\t\taria-labelledby=\"sow-carousel-id-6850\"\n\t\t\t\t\ttabindex=\"-1\"\n\t\t\t\t>\n\t\t\t\t\t<span class=\"overlay\"><\/span>\n\t\t\t\t<\/a>\n\t\t\t\t\t<\/div>\n\t\t<h3 class=\"sow-carousel-item-title\">\n\t\t\t<a\n\t\t\t\thref=\"https:\/\/araminteriors.com\/ca\/reforma-cuina-atic-barcelona\/\"\n\t\t\t\tid=\"sow-carousel-id-6850\"\n\t\t\t\t\t\t\t\ttabindex=\"-1\"\n\t\t\t>\n\n\t\t\t\tReforma cuina en un \u00e0tic a Barcelona\t\t\t<\/a>\n\t\t<\/h3>\n\t<\/div>\n\t\t\t<\/div>\n\t\t\t<\/div>\n\n\t<\/div>\n\t\t<input type=\"hidden\" name=\"instance_hash\" value=\"9957b7c6\"\/>\n\t<\/div>\n<\/div><\/div><div id=\"panel-6452-4-0-2\" class=\"so-panel widget widget_sow-editor panel-last-child\" data-index=\"9\" ><div\n\t\t\t\n\t\t\tclass=\"so-widget-sow-editor so-widget-sow-editor-base\"\n\t\t\t\n\t\t>\n<div class=\"siteorigin-widget-tinymce textwidget\">\n\t<p>[ssbp]<\/p>\n<\/div>\n<\/div><\/div><\/div><\/div><\/div>","protected":false},"excerpt":{"rendered":"<p>Presentem el projecte de reforma de cuina en un preci\u00f3s \u00e0tic a Barcelona amb una &#8230; <\/p>\n<p class=\"read-more-container\"><a title=\"Reforma cuina en un \u00e0tic a Barcelona\" class=\"read-more button\" href=\"https:\/\/araminteriors.com\/ca\/reforma-cuina-atic-barcelona\/#more-6850\" aria-label=\"M\u00e9s informaci\u00f3 sobre Reforma cuina en un \u00e0tic a Barcelona\">Leer m\u00e1s<\/a><\/p>\n","protected":false},"author":3,"featured_media":5701,"parent":0,"menu_order":0,"comment_status":"closed","ping_status":"open","template":"","meta":{"generate_page_header":"","footnotes":""},"class_list":["post-6452","page","type-page","status-publish","has-post-thumbnail","hentry","generate-columns","tablet-grid-50","mobile-grid-100","grid-parent","grid-33"],"aioseo_notices":[],"_links":{"self":[{"href":"https:\/\/araminteriors.com\/ca\/wp-json\/wp\/v2\/pages\/6452","targetHints":{"allow":["GET"]}}],"collection":[{"href":"https:\/\/araminteriors.com\/ca\/wp-json\/wp\/v2\/pages"}],"about":[{"href":"https:\/\/araminteriors.com\/ca\/wp-json\/wp\/v2\/types\/page"}],"author":[{"embeddable":true,"href":"https:\/\/araminteriors.com\/ca\/wp-json\/wp\/v2\/users\/3"}],"replies":[{"embeddable":true,"href":"https:\/\/araminteriors.com\/ca\/wp-json\/wp\/v2\/comments?post=6452"}],"version-history":[{"count":3,"href":"https:\/\/araminteriors.com\/ca\/wp-json\/wp\/v2\/pages\/6452\/revisions"}],"predecessor-version":[{"id":15033,"href":"https:\/\/araminteriors.com\/ca\/wp-json\/wp\/v2\/pages\/6452\/revisions\/15033"}],"wp:featuredmedia":[{"embeddable":true,"href":"https:\/\/araminteriors.com\/ca\/wp-json\/wp\/v2\/media\/5701"}],"wp:attachment":[{"href":"https:\/\/araminteriors.com\/ca\/wp-json\/wp\/v2\/media?parent=6452"}],"curies":[{"name":"wp","href":"https:\/\/api.w.org\/{rel}","templated":true}]}}